{"id":41,"date":"2026-02-16T06:54:26","date_gmt":"2026-02-16T06:54:26","guid":{"rendered":"https:\/\/associationpei.re\/?page_id=41"},"modified":"2026-03-05T11:25:42","modified_gmt":"2026-03-05T11:25:42","slug":"les-consultantes-passionnees-et-chevrenonnees","status":"publish","type":"page","link":"https:\/\/associationpei.re\/index.php\/les-membres\/les-consultantes-passionnees-et-chevrenonnees\/","title":{"rendered":"Les consultantes passionn\u00e9es et chevrenonn\u00e9es"},"content":{"rendered":"\n<p style=\"text-transform:none\">Des consultantes, sp\u00e9cialistes dans leurs et qui ont en commun d\u2019allier technicit\u00e9 et pratiques de terrain. Elles ont toutes cette capacit\u00e9 \u00e0 s\u2019appuyer sur leurs exp\u00e9riences pour accompagner au mieux les projets, en prise avec les r\u00e9alit\u00e9s.<\/p>\n\n\n\n<p style=\"text-transform:none\">Audrey Valery &#8211; engag\u00e9e pour une transition verte<\/p>\n\n\n\n<p style=\"text-transform:none\">Audrey est dipl\u00f4m\u00e9e d\u2019un <strong>master en \u00e9cologie<\/strong>. Elle travaille depuis 14 ans, dans l\u2019\u00e9v\u00e8nementiel et la communication scientifique, avec un <strong>grand nombre d\u2019acteurs r\u00e9unionnais<\/strong> (CIRAD, Universit\u00e9 de La R\u00e9union, Sciences R\u00e9union, la SEOR, le Parc national de la R\u00e9union, la R\u00e9serve Naturelle Marine de la R\u00e9union, etc.). Elle a ainsi pu accompagner des projets tels que\u00a0:<\/p>\n\n\n\n<ul class=\"wp-block-list\">\n<li style=\"text-transform:none\">les LIFE+ (P\u00e9trels et For\u00eat S\u00e8che)&nbsp;: cr\u00e9ation de <strong>supports p\u00e9dagogiques<\/strong>, l\u2019organisation <strong>d\u2019\u00e9v\u00e8nements scientifiques<\/strong> et grand publics,<\/li>\n\n\n\n<li style=\"text-transform:none\">de nombreux laboratoires de l\u2019universit\u00e9 de la R\u00e9union et du CIRAD&nbsp;: s\u00e9minaires, supports de vulgarisation, <strong>articles<\/strong> de vulgarisation scientifique, <strong>gestion de budget FEDER<\/strong>,&nbsp;<\/li>\n\n\n\n<li style=\"text-transform:none\">la R\u00e9serve Naturelle Marine de La R\u00e9union&nbsp;: cr\u00e9ation d\u2019un <strong>document graphique <\/strong>sur les r\u00e9sultats de perception de la r\u00e9serve, mise en place de <strong>plaquettes informatives grand public et d\u2019un guide<\/strong>, coordination de <strong>vid\u00e9os<\/strong> sur les missions de la r\u00e9serve, <strong>gestion d\u2019un budget FEDER.&nbsp;<\/strong><\/li>\n<\/ul>\n\n\n\n<p style=\"text-transform:none\">Elle a \u00e9galement \u00e9t\u00e9 b\u00e9n\u00e9vole au CBNM, SEOR et GRANDDIR.&nbsp;<\/p>\n\n\n\n<p style=\"text-transform:none\"><strong>Nad\u00e8ge Madrolle \u2013 Consultante &amp; boosteuse de projets<\/strong><\/p>\n\n\n\n<p style=\"text-transform:none\">Nad\u00e8ge Madrolle, c\u2019est une \u00e9nergie contagieuse au service des projets engag\u00e9s.<br>D\u00e9veloppeuse de projets dans l\u2019\u00e2me, elle accompagne depuis plus de 20 ans les associations, collectifs et acteurs publics \u00e0 La R\u00e9union pour faire \u00e9merger, structurer et faire grandir des initiatives utiles, humaines et durables.<\/p>\n\n\n\n<p style=\"text-transform:none\">Ultra positive, toujours en mouvement, Nad\u00e8ge sait mener plusieurs projets de front avec enthousiasme, rigueur et une vraie capacit\u00e9 \u00e0 embarquer les \u00e9quipes. Son terrain de jeu : l\u2019\u00c9conomie Sociale et Solidaire, l\u2019innovation sociale, la culture, le d\u00e9veloppement local et la politique de la ville.<\/p>\n\n\n\n<p style=\"text-transform:none\">Animatrice au sens profond du terme \u2014 celle qui \u201cdonne une \u00e2me\u201d \u2014 elle allie expertise strat\u00e9gique et connaissance fine du terrain, avec une conviction : chaque projet peut devenir un levier de transformation quand il est bien accompagn\u00e9.<\/p>\n\n\n\n<p style=\"text-transform:none\">Consultante, coach, formatrice et entrepreneure engag\u00e9e, Nad\u00e8ge est une v\u00e9ritable acc\u00e9l\u00e9ratrice d\u2019id\u00e9es\u2026 et une alli\u00e9e pr\u00e9cieuse pour celles et ceux qui veulent passer \u00e0 l\u2019action.<\/p>\n","protected":false},"excerpt":{"rendered":"<p>Des consultantes, sp\u00e9cialistes dans leurs et qui ont en commun d\u2019allier technicit\u00e9 et pratiques de terrain. Elles ont toutes cette [&hellip;]<\/p>\n","protected":false},"author":1,"featured_media":0,"parent":24,"menu_order":0,"comment_status":"closed","ping_status":"closed","template":"","meta":{"site-sidebar-layout":"default","site-content-layout":"","ast-site-content-layout":"default","site-content-style":"default","site-sidebar-style":"default","ast-global-header-display":"","ast-banner-title-visibility":"","ast-main-header-display":"","ast-hfb-above-header-display":"","ast-hfb-below-header-display":"","ast-hfb-mobile-header-display":"","site-post-title":"","ast-breadcrumbs-content":"","ast-featured-img":"","footer-sml-layout":"","ast-disable-related-posts":"","theme-transparent-header-meta":"","adv-header-id-meta":"","stick-header-meta":"","header-above-stick-meta":"","header-main-stick-meta":"","header-below-stick-meta":"","astra-migrate-meta-layouts":"default","ast-page-background-enabled":"default","ast-page-background-meta":{"desktop":{"background-color":"var(--ast-global-color-5)","background-image":"","background-repeat":"repeat","background-position":"center center","background-size":"auto","background-attachment":"scroll","background-type":"","background-media":"","overlay-type":"","overlay-color":"","overlay-opacity":"","overlay-gradient":""},"tablet":{"background-color":"","background-image":"","background-repeat":"repeat","background-position":"center center","background-size":"auto","background-attachment":"scroll","background-type":"","background-media":"","overlay-type":"","overlay-color":"","overlay-opacity":"","overlay-gradient":""},"mobile":{"background-color":"","background-image":"","background-repeat":"repeat","background-position":"center center","background-size":"auto","background-attachment":"scroll","background-type":"","background-media":"","overlay-type":"","overlay-color":"","overlay-opacity":"","overlay-gradient":""}},"ast-content-background-meta":{"desktop":{"background-color":"var(--ast-global-color-4)","background-image":"","background-repeat":"repeat","background-position":"center center","background-size":"auto","background-attachment":"scroll","background-type":"","background-media":"","overlay-type":"","overlay-color":"","overlay-opacity":"","overlay-gradient":""},"tablet":{"background-color":"var(--ast-global-color-4)","background-image":"","background-repeat":"repeat","background-position":"center center","background-size":"auto","background-attachment":"scroll","background-type":"","background-media":"","overlay-type":"","overlay-color":"","overlay-opacity":"","overlay-gradient":""},"mobile":{"background-color":"var(--ast-global-color-4)","background-image":"","background-repeat":"repeat","background-position":"center center","background-size":"auto","background-attachment":"scroll","background-type":"","background-media":"","overlay-type":"","overlay-color":"","overlay-opacity":"","overlay-gradient":""}},"footnotes":""},"class_list":["post-41","page","type-page","status-publish","hentry"],"_links":{"self":[{"href":"https:\/\/associationpei.re\/index.php\/wp-json\/wp\/v2\/pages\/41","targetHints":{"allow":["GET"]}}],"collection":[{"href":"https:\/\/associationpei.re\/index.php\/wp-json\/wp\/v2\/pages"}],"about":[{"href":"https:\/\/associationpei.re\/index.php\/wp-json\/wp\/v2\/types\/page"}],"author":[{"embeddable":true,"href":"https:\/\/associationpei.re\/index.php\/wp-json\/wp\/v2\/users\/1"}],"replies":[{"embeddable":true,"href":"https:\/\/associationpei.re\/index.php\/wp-json\/wp\/v2\/comments?post=41"}],"version-history":[{"count":4,"href":"https:\/\/associationpei.re\/index.php\/wp-json\/wp\/v2\/pages\/41\/revisions"}],"predecessor-version":[{"id":188,"href":"https:\/\/associationpei.re\/index.php\/wp-json\/wp\/v2\/pages\/41\/revisions\/188"}],"up":[{"embeddable":true,"href":"https:\/\/associationpei.re\/index.php\/wp-json\/wp\/v2\/pages\/24"}],"wp:attachment":[{"href":"https:\/\/associationpei.re\/index.php\/wp-json\/wp\/v2\/media?parent=41"}],"curies":[{"name":"wp","href":"https:\/\/api.w.org\/{rel}","templated":true}]}}