{"id":37,"date":"2026-01-23T04:45:50","date_gmt":"2026-01-23T04:45:50","guid":{"rendered":"https:\/\/associationpei.re\/?page_id=37"},"modified":"2026-03-04T10:30:21","modified_gmt":"2026-03-04T10:30:21","slug":"realises","status":"publish","type":"page","link":"https:\/\/associationpei.re\/index.php\/les-projets-accompagnes\/realises\/","title":{"rendered":"R\u00e9alis\u00e9s"},"content":{"rendered":"\n<div class=\"wp-block-columns is-layout-flex wp-container-core-columns-is-layout-28f84493 wp-block-columns-is-layout-flex\">\n<div class=\"wp-block-column is-layout-flow wp-block-column-is-layout-flow\" style=\"flex-basis:25%\">\n<figure class=\"wp-block-image size-large\"><img fetchpriority=\"high\" decoding=\"async\" width=\"1024\" height=\"1024\" src=\"https:\/\/associationpei.re\/wp-content\/uploads\/2026\/02\/IMG_7833-1024x1024.jpg\" alt=\"\" class=\"wp-image-112\" srcset=\"https:\/\/associationpei.re\/wp-content\/uploads\/2026\/02\/IMG_7833-1024x1024.jpg 1024w, https:\/\/associationpei.re\/wp-content\/uploads\/2026\/02\/IMG_7833-300x300.jpg 300w, https:\/\/associationpei.re\/wp-content\/uploads\/2026\/02\/IMG_7833-150x150.jpg 150w, https:\/\/associationpei.re\/wp-content\/uploads\/2026\/02\/IMG_7833-768x768.jpg 768w, https:\/\/associationpei.re\/wp-content\/uploads\/2026\/02\/IMG_7833-1536x1536.jpg 1536w, https:\/\/associationpei.re\/wp-content\/uploads\/2026\/02\/IMG_7833-2048x2048.jpg 2048w\" sizes=\"(max-width: 1024px) 100vw, 1024px\" \/><\/figure>\n<\/div>\n\n\n\n<div class=\"wp-block-column is-layout-flow wp-block-column-is-layout-flow\" style=\"flex-basis:25%\"><\/div>\n\n\n\n<div class=\"wp-block-column is-layout-flow wp-block-column-is-layout-flow\" style=\"flex-basis:25%\">\n<figure class=\"wp-block-image size-large\"><img decoding=\"async\" width=\"1024\" height=\"1024\" src=\"https:\/\/associationpei.re\/wp-content\/uploads\/2026\/02\/IMG_7919-2-1024x1024.jpg\" alt=\"\" class=\"wp-image-114\" srcset=\"https:\/\/associationpei.re\/wp-content\/uploads\/2026\/02\/IMG_7919-2-1024x1024.jpg 1024w, https:\/\/associationpei.re\/wp-content\/uploads\/2026\/02\/IMG_7919-2-300x300.jpg 300w, https:\/\/associationpei.re\/wp-content\/uploads\/2026\/02\/IMG_7919-2-150x150.jpg 150w, https:\/\/associationpei.re\/wp-content\/uploads\/2026\/02\/IMG_7919-2-768x768.jpg 768w, https:\/\/associationpei.re\/wp-content\/uploads\/2026\/02\/IMG_7919-2-1536x1536.jpg 1536w, https:\/\/associationpei.re\/wp-content\/uploads\/2026\/02\/IMG_7919-2-2048x2048.jpg 2048w\" sizes=\"(max-width: 1024px) 100vw, 1024px\" \/><figcaption class=\"wp-element-caption\"><em>TiKatsou aux Galeries Circulaires<\/em><\/figcaption><\/figure>\n<\/div>\n\n\n\n<div class=\"wp-block-column is-layout-flow wp-block-column-is-layout-flow\" style=\"flex-basis:25%\">\n<figure class=\"wp-block-image size-large\"><img decoding=\"async\" width=\"1024\" height=\"1024\" src=\"https:\/\/associationpei.re\/wp-content\/uploads\/2026\/02\/IMG_8062-2-1024x1024.jpg\" alt=\"\" class=\"wp-image-115\" srcset=\"https:\/\/associationpei.re\/wp-content\/uploads\/2026\/02\/IMG_8062-2-1024x1024.jpg 1024w, https:\/\/associationpei.re\/wp-content\/uploads\/2026\/02\/IMG_8062-2-300x300.jpg 300w, https:\/\/associationpei.re\/wp-content\/uploads\/2026\/02\/IMG_8062-2-150x150.jpg 150w, https:\/\/associationpei.re\/wp-content\/uploads\/2026\/02\/IMG_8062-2-768x768.jpg 768w, https:\/\/associationpei.re\/wp-content\/uploads\/2026\/02\/IMG_8062-2-1536x1536.jpg 1536w, https:\/\/associationpei.re\/wp-content\/uploads\/2026\/02\/IMG_8062-2-2048x2048.jpg 2048w\" sizes=\"(max-width: 1024px) 100vw, 1024px\" \/><\/figure>\n<\/div>\n<\/div>\n\n\n\n<p style=\"font-size:20px\"><strong>2020 \/ 2021&nbsp;:<\/strong><\/p>\n\n\n\n<ul class=\"wp-block-list\">\n<li style=\"text-transform:none\">\u00c9tude de faisabilit\u00e9 \u00e9conomique et juridique pour cr\u00e9er des produits naturels et p\u00e9\u00ef, en partenariat avec l\u2019atelier naturellement<\/li>\n\n\n\n<li style=\"text-transform:none\">\u00c9tude de faisabilit\u00e9 \u00e9conomique et juridique pour mettre en \u0153uvre des laveries solidaires et culturelles, en partenariat avec l\u2019association PAACTE<\/li>\n\n\n\n<li style=\"text-transform:none\">Prestations en communication, pour l\u2019association Vavang\u2019Art.<\/li>\n<\/ul>\n\n\n\n<p style=\"font-size:20px\"><strong>2021&nbsp;:<\/strong><\/p>\n\n\n\n<ul class=\"wp-block-list\">\n<li style=\"text-transform:none\">\u00c9tude Projet Jean Albany \u2013 Groupe OPALE&nbsp; \u2013 projet de tiers-lieu sur un roof top \u2013 centre-ville St Pierre&nbsp;<\/li>\n\n\n\n<li style=\"text-transform:none\">Formations pour les acteurs de la culture autour de la gouvernance partag\u00e9e et des formes juridiques de l\u2019ESS \u2013 Jeudi Formation&nbsp;<\/li>\n<\/ul>\n\n\n\n<p style=\"font-size:20px\"><strong>2022<\/strong>&nbsp;:<\/p>\n\n\n\n<ul class=\"wp-block-list\">\n<li style=\"text-transform:none\">Production du projet Being Born a girl \u2013 courts m\u00e9trages sur la condition de la femme dans le monde \u2013 2 films r\u00e9alis\u00e9s \u00e0 La R\u00e9union et r\u00e9sidence artistique en lyc\u00e9es<\/li>\n\n\n\n<li>Accompagnement structuration et ing\u00e9nierie de projet Glaz Project&nbsp;: transport \u00e0 la voile et tiers-lieu \u2013 St Malo&nbsp;<\/li>\n\n\n\n<li style=\"text-transform:none\">Prestations en communication, pour l\u2019association Bee Run Apiculture<\/li>\n\n\n\n<li style=\"text-transform:none\">Formations pour les acteurs de la culture autour de la gouvernance partag\u00e9e et des formes juridiques de l\u2019ESS \u2013 Jeudi Formation&nbsp;<\/li>\n\n\n\n<li style=\"text-transform:none\">Accompagnement et coaching Incubateur Engag\u00e9 pour la R\u00e9union de Demain \u2013 France Active R\u00e9union<\/li>\n\n\n\n<li style=\"text-transform:none\">Encadrement formation CFGA \u2013 OMSEP ST Paul<\/li>\n<\/ul>\n\n\n\n<p style=\"font-size:20px\"><strong>2023&nbsp;:<\/strong><\/p>\n\n\n\n<ul class=\"wp-block-list\">\n<li style=\"text-transform:none\">Formations pour les acteurs de la culture autour de la gouvernance partag\u00e9e et des formes juridiques de l\u2019ESS \u2013 Jeudi Formation&nbsp;<\/li>\n\n\n\n<li style=\"text-transform:none\">Ing\u00e9nierie de formation et formation&nbsp;: \u00ab&nbsp;cr\u00e9er son entreprise \u00e0 impact&nbsp;\u00bb pour des porteurs de projets \u2013 Jeudi Formation<\/li>\n\n\n\n<li style=\"text-transform:none\">Accompagnement et coaching Incubateur Engag\u00e9 pour la R\u00e9union de Demain \u2013 France Active R\u00e9union<\/li>\n\n\n\n<li style=\"text-transform:none\">Ing\u00e9nierie de formation et encadrement CFGA \u2013 OMSEP ST Paul<\/li>\n\n\n\n<li style=\"text-transform:none\">Journ\u00e9e de coh\u00e9sion pour les \u00e9tudiants de l\u2019ENSAM \u2013 Le Port<\/li>\n<\/ul>\n\n\n\n<p style=\"font-size:20px;text-transform:none\"><strong>Projets accompagn\u00e9s en 2024&nbsp;:<\/strong><\/p>\n\n\n\n<ul class=\"wp-block-list\">\n<li style=\"text-transform:none\">PTCE St Paul<\/li>\n\n\n\n<li style=\"text-transform:none\">CFGA &#8211; OMSEP (sessions de nov 23 \u00e0 f\u00e9v 24, juil \u00e0 sept et oct \u00e0 d\u00e9c)<\/li>\n\n\n\n<li style=\"text-transform:none\">OMSLab (incubateur de l\u2019OMSEP)<\/li>\n\n\n\n<li style=\"text-transform:none\">R\u00e9utiliz<\/li>\n\n\n\n<li style=\"text-transform:none\">ACIOR<\/li>\n\n\n\n<li style=\"text-transform:none\">Le Parc National (en cours &#8211; convention jusqu\u2019\u00e0 avril 2025)<\/li>\n\n\n\n<li style=\"text-transform:none\">Parall\u00e8le Sud (en cours &#8211; convention jusqu\u2019\u00e0 d\u00e9c 2024)<\/li>\n\n\n\n<li style=\"text-transform:none\">DLA Atre (61) (en cours &#8211; convention jusqu\u2019\u00e0 d\u00e9c 2024)<\/li>\n\n\n\n<li style=\"text-transform:none\">DLA Lou Cachet (974) (en cours &#8211; convention jusqu\u2019\u00e0 mars 2025)<\/li>\n\n\n\n<li style=\"text-transform:none\">Exposition Les Totem de l\u2019Aube<\/li>\n\n\n\n<li style=\"text-transform:none\">La R\u00e9serve Marine (en cours &#8211; convention jusqu\u2019\u00e0 d\u00e9c 2024)<\/li>\n\n\n\n<li style=\"text-transform:none\">Bee Run Apiculture (en cours \u2013 financement \u00e0 utiliser jusqu\u2019\u00e0 d\u00e9c 2024)<\/li>\n\n\n\n<li style=\"text-transform:none\">CFGA \u2013 La ligue de l\u2019enseignement \u2013 intervention sur le th\u00e8me des ressources humaines et la fonction employeur.<\/li>\n<\/ul>\n\n\n\n<p style=\"font-size:20px;text-transform:none\"><strong>Projets accompagn\u00e9s en 2025&nbsp;:<\/strong><\/p>\n\n\n\n<ul class=\"wp-block-list\">\n<li style=\"text-transform:none\">CFGA \u2013 OMSEP<\/li>\n\n\n\n<li style=\"text-transform:none\">Le Parc national de La R\u00e9union \u2013 la participation des habitants dans les jours de la Nuit<\/li>\n\n\n\n<li style=\"text-transform:none\">DLA Atre puis accompagnement \u00e0 la r\u00e9\u00e9criture collective du projet associatif<\/li>\n\n\n\n<li style=\"text-transform:none\">DLA Lou Cachet \u2013 npuis poursuite de l\u2019accompagnement vers la structuration<\/li>\n\n\n\n<li style=\"text-transform:none\">Case rurale \u2013 ville de Trois-Bassins \u2013 \u00e9tude action sur un syst\u00e8me inspir\u00e9 de la SSA<\/li>\n\n\n\n<li style=\"text-transform:none\">Case rurale \u2013 ville de Trois Bassins \u2013 organisation et animation de visites apprenantes<\/li>\n\n\n\n<li style=\"text-transform:none\">ARB\u2013R\u00e9union r\u00e9alisation d\u2019un livret p\u00e9dagogique sur la biodiversit\u00e9 pour les \u00e9l\u00e8ves de CM1 et CM2 de la R\u00e9union.<\/li>\n\n\n\n<li style=\"text-transform:none\">Nout Mon\u00e9&nbsp;: accompagnement \u00e0 la structuration<\/li>\n\n\n\n<li style=\"text-transform:none\">R\u00e9serve Naturelle Marine de La R\u00e9union\u00a0: communication<\/li>\n\n\n\n<li style=\"text-transform:none\">FDVA \u2013 formation des b\u00e9n\u00e9voles<\/li>\n\n\n\n<li style=\"text-transform:none\">Cr\u00e9alise \u2013 formation Bachelore et mastere<\/li>\n\n\n\n<li style=\"text-transform:none\">Association \u00c9clat de l\u2019\u00eele \u2013 coordination de transition<\/li>\n<\/ul>\n\n\n\n<p><\/p>\n","protected":false},"excerpt":{"rendered":"<p>2020 \/ 2021&nbsp;: 2021&nbsp;: 2022&nbsp;: 2023&nbsp;: Projets accompagn\u00e9s en 2024&nbsp;: Projets accompagn\u00e9s en 2025&nbsp;:<\/p>\n","protected":false},"author":1,"featured_media":0,"parent":12,"menu_order":0,"comment_status":"closed","ping_status":"closed","template":"","meta":{"site-sidebar-layout":"default","site-content-layout":"","ast-site-content-layout":"default","site-content-style":"default","site-sidebar-style":"default","ast-global-header-display":"","ast-banner-title-visibility":"","ast-main-header-display":"","ast-hfb-above-header-display":"","ast-hfb-below-header-display":"","ast-hfb-mobile-header-display":"","site-post-title":"","ast-breadcrumbs-content":"","ast-featured-img":"","footer-sml-layout":"","ast-disable-related-posts":"","theme-transparent-header-meta":"","adv-header-id-meta":"","stick-header-meta":"","header-above-stick-meta":"","header-main-stick-meta":"","header-below-stick-meta":"","astra-migrate-meta-layouts":"default","ast-page-background-enabled":"default","ast-page-background-meta":{"desktop":{"background-color":"var(--ast-global-color-5)","background-image":"","background-repeat":"repeat","background-position":"center center","background-size":"auto","background-attachment":"scroll","background-type":"","background-media":"","overlay-type":"","overlay-color":"","overlay-opacity":"","overlay-gradient":""},"tablet":{"background-color":"","background-image":"","background-repeat":"repeat","background-position":"center center","background-size":"auto","background-attachment":"scroll","background-type":"","background-media":"","overlay-type":"","overlay-color":"","overlay-opacity":"","overlay-gradient":""},"mobile":{"background-color":"","background-image":"","background-repeat":"repeat","background-position":"center center","background-size":"auto","background-attachment":"scroll","background-type":"","background-media":"","overlay-type":"","overlay-color":"","overlay-opacity":"","overlay-gradient":""}},"ast-content-background-meta":{"desktop":{"background-color":"var(--ast-global-color-4)","background-image":"","background-repeat":"repeat","background-position":"center center","background-size":"auto","background-attachment":"scroll","background-type":"","background-media":"","overlay-type":"","overlay-color":"","overlay-opacity":"","overlay-gradient":""},"tablet":{"background-color":"var(--ast-global-color-4)","background-image":"","background-repeat":"repeat","background-position":"center center","background-size":"auto","background-attachment":"scroll","background-type":"","background-media":"","overlay-type":"","overlay-color":"","overlay-opacity":"","overlay-gradient":""},"mobile":{"background-color":"var(--ast-global-color-4)","background-image":"","background-repeat":"repeat","background-position":"center center","background-size":"auto","background-attachment":"scroll","background-type":"","background-media":"","overlay-type":"","overlay-color":"","overlay-opacity":"","overlay-gradient":""}},"footnotes":""},"class_list":["post-37","page","type-page","status-publish","hentry"],"_links":{"self":[{"href":"https:\/\/associationpei.re\/index.php\/wp-json\/wp\/v2\/pages\/37","targetHints":{"allow":["GET"]}}],"collection":[{"href":"https:\/\/associationpei.re\/index.php\/wp-json\/wp\/v2\/pages"}],"about":[{"href":"https:\/\/associationpei.re\/index.php\/wp-json\/wp\/v2\/types\/page"}],"author":[{"embeddable":true,"href":"https:\/\/associationpei.re\/index.php\/wp-json\/wp\/v2\/users\/1"}],"replies":[{"embeddable":true,"href":"https:\/\/associationpei.re\/index.php\/wp-json\/wp\/v2\/comments?post=37"}],"version-history":[{"count":7,"href":"https:\/\/associationpei.re\/index.php\/wp-json\/wp\/v2\/pages\/37\/revisions"}],"predecessor-version":[{"id":182,"href":"https:\/\/associationpei.re\/index.php\/wp-json\/wp\/v2\/pages\/37\/revisions\/182"}],"up":[{"embeddable":true,"href":"https:\/\/associationpei.re\/index.php\/wp-json\/wp\/v2\/pages\/12"}],"wp:attachment":[{"href":"https:\/\/associationpei.re\/index.php\/wp-json\/wp\/v2\/media?parent=37"}],"curies":[{"name":"wp","href":"https:\/\/api.w.org\/{rel}","templated":true}]}}