{"id":194,"date":"2026-03-08T10:51:15","date_gmt":"2026-03-08T10:51:15","guid":{"rendered":"https:\/\/associationpei.re\/?page_id=194"},"modified":"2026-03-08T13:11:05","modified_gmt":"2026-03-08T13:11:05","slug":"mentions-legales","status":"publish","type":"page","link":"https:\/\/associationpei.re\/index.php\/mentions-legales\/","title":{"rendered":"Mentions l\u00e9gales"},"content":{"rendered":"\n<h3 class=\"wp-block-heading\">\u00c9diteur du site<\/h3>\n\n\n\n<p>Le pr\u00e9sent site est \u00e9dit\u00e9 par :<\/p>\n\n\n\n<p>Nom : Projets et Etudes \u00e0 Impacts<br>Statut : Association<br>Adresse : 71 rue du Four \u00e0 Chaux &#8211; 97410 Saint-Pierre<br>Email : assopei974@gmail.com<\/p>\n\n\n\n<h3 class=\"wp-block-heading\">Responsable de la publication<\/h3>\n\n\n\n<p>Le responsable de la publication est : l&rsquo;association PEI.<\/p>\n\n\n\n<h3 class=\"wp-block-heading\">H\u00e9bergement<\/h3>\n\n\n\n<p>Le site est h\u00e9berg\u00e9 par :<\/p>\n\n\n\n<p>Nom de l\u2019h\u00e9bergeur : OVHcloud<\/p>\n\n\n\n<p>Si\u00e8ge social : 2 rue Kellermann, 59100 Roubaix, France<\/p>\n\n\n\n<p>T\u00e9l\u00e9phone : 1007 (depuis la France)<\/p>\n\n\n\n<p>Site web : <a href=\"https:\/\/www.ovh.com\">https:\/\/www.ovh.com<\/a><\/p>\n\n\n\n<h3 class=\"wp-block-heading\">Propri\u00e9t\u00e9 intellectuelle<\/h3>\n\n\n\n<p>L\u2019ensemble du contenu pr\u00e9sent sur ce site (textes, images, graphismes, logo, etc.) est prot\u00e9g\u00e9 par le droit de la propri\u00e9t\u00e9 intellectuelle. Toute reproduction ou utilisation sans autorisation pr\u00e9alable est interdite.<\/p>\n\n\n\n<h3 class=\"wp-block-heading\">Responsabilit\u00e9<\/h3>\n\n\n\n<p>Les informations pr\u00e9sentes sur ce site sont fournies \u00e0 titre indicatif. Malgr\u00e9 le soin apport\u00e9 \u00e0 leur r\u00e9daction, l\u2019\u00e9diteur du site ne peut garantir leur exactitude.<\/p>\n\n\n\n<h3 class=\"wp-block-heading\">Donn\u00e9es personnelles<\/h3>\n\n\n\n<p>Les donn\u00e9es personnelles \u00e9ventuellement collect\u00e9es sur ce site sont trait\u00e9es conform\u00e9ment \u00e0 la <a href=\"https:\/\/associationpei.re\/index.php\/politique-de-confidentialite\/\" data-type=\"page\" data-id=\"198\" target=\"_blank\" rel=\"noreferrer noopener\">politique de confidentialit\u00e9 <\/a>disponible sur la page d\u00e9di\u00e9e.<\/p>\n\n\n\n<h3 class=\"wp-block-heading\">Cookies<\/h3>\n\n\n\n<p>Le site peut utiliser des cookies afin d&rsquo;am\u00e9liorer l&rsquo;exp\u00e9rience utilisateur et mesurer l&rsquo;audience. Vous pouvez accepter ou refuser les cookies via le bandeau pr\u00e9vu \u00e0 cet effet.<\/p>\n","protected":false},"excerpt":{"rendered":"<p>\u00c9diteur du site Le pr\u00e9sent site est \u00e9dit\u00e9 par : Nom : Projets et Etudes \u00e0 ImpactsStatut : AssociationAdresse : [&hellip;]<\/p>\n","protected":false},"author":1,"featured_media":0,"parent":0,"menu_order":0,"comment_status":"closed","ping_status":"closed","template":"","meta":{"site-sidebar-layout":"default","site-content-layout":"","ast-site-content-layout":"default","site-content-style":"default","site-sidebar-style":"default","ast-global-header-display":"","ast-banner-title-visibility":"","ast-main-header-display":"","ast-hfb-above-header-display":"","ast-hfb-below-header-display":"","ast-hfb-mobile-header-display":"","site-post-title":"","ast-breadcrumbs-content":"","ast-featured-img":"","footer-sml-layout":"","ast-disable-related-posts":"","theme-transparent-header-meta":"","adv-header-id-meta":"","stick-header-meta":"","header-above-stick-meta":"","header-main-stick-meta":"","header-below-stick-meta":"","astra-migrate-meta-layouts":"default","ast-page-background-enabled":"default","ast-page-background-meta":{"desktop":{"background-color":"var(--ast-global-color-5)","background-image":"","background-repeat":"repeat","background-position":"center center","background-size":"auto","background-attachment":"scroll","background-type":"","background-media":"","overlay-type":"","overlay-color":"","overlay-opacity":"","overlay-gradient":""},"tablet":{"background-color":"","background-image":"","background-repeat":"repeat","background-position":"center center","background-size":"auto","background-attachment":"scroll","background-type":"","background-media":"","overlay-type":"","overlay-color":"","overlay-opacity":"","overlay-gradient":""},"mobile":{"background-color":"","background-image":"","background-repeat":"repeat","background-position":"center center","background-size":"auto","background-attachment":"scroll","background-type":"","background-media":"","overlay-type":"","overlay-color":"","overlay-opacity":"","overlay-gradient":""}},"ast-content-background-meta":{"desktop":{"background-color":"var(--ast-global-color-4)","background-image":"","background-repeat":"repeat","background-position":"center center","background-size":"auto","background-attachment":"scroll","background-type":"","background-media":"","overlay-type":"","overlay-color":"","overlay-opacity":"","overlay-gradient":""},"tablet":{"background-color":"var(--ast-global-color-4)","background-image":"","background-repeat":"repeat","background-position":"center center","background-size":"auto","background-attachment":"scroll","background-type":"","background-media":"","overlay-type":"","overlay-color":"","overlay-opacity":"","overlay-gradient":""},"mobile":{"background-color":"var(--ast-global-color-4)","background-image":"","background-repeat":"repeat","background-position":"center center","background-size":"auto","background-attachment":"scroll","background-type":"","background-media":"","overlay-type":"","overlay-color":"","overlay-opacity":"","overlay-gradient":""}},"footnotes":""},"class_list":["post-194","page","type-page","status-publish","hentry"],"_links":{"self":[{"href":"https:\/\/associationpei.re\/index.php\/wp-json\/wp\/v2\/pages\/194","targetHints":{"allow":["GET"]}}],"collection":[{"href":"https:\/\/associationpei.re\/index.php\/wp-json\/wp\/v2\/pages"}],"about":[{"href":"https:\/\/associationpei.re\/index.php\/wp-json\/wp\/v2\/types\/page"}],"author":[{"embeddable":true,"href":"https:\/\/associationpei.re\/index.php\/wp-json\/wp\/v2\/users\/1"}],"replies":[{"embeddable":true,"href":"https:\/\/associationpei.re\/index.php\/wp-json\/wp\/v2\/comments?post=194"}],"version-history":[{"count":2,"href":"https:\/\/associationpei.re\/index.php\/wp-json\/wp\/v2\/pages\/194\/revisions"}],"predecessor-version":[{"id":246,"href":"https:\/\/associationpei.re\/index.php\/wp-json\/wp\/v2\/pages\/194\/revisions\/246"}],"wp:attachment":[{"href":"https:\/\/associationpei.re\/index.php\/wp-json\/wp\/v2\/media?parent=194"}],"curies":[{"name":"wp","href":"https:\/\/api.w.org\/{rel}","templated":true}]}}