{"id":17,"date":"2026-02-16T06:55:02","date_gmt":"2026-02-16T06:55:02","guid":{"rendered":"https:\/\/associationpei.re\/?page_id=17"},"modified":"2026-03-04T12:02:11","modified_gmt":"2026-03-04T12:02:11","slug":"nos-valeurs-et-raisons-detre","status":"publish","type":"page","link":"https:\/\/associationpei.re\/index.php\/nos-valeurs-et-raisons-detre\/","title":{"rendered":"Nos valeurs et raisons d&rsquo;\u00eatre"},"content":{"rendered":"\n<p>L\u2019association a pour objet de mener des \u00e9tudes, porter, d\u00e9velopper et mettre en \u0153uvre des <strong>projets \u00e0 impact social, soci\u00e9tal ou environnemental<\/strong>, \u00e0 l\u2019\u00e9chelle de La R\u00e9union et de l\u2019Oc\u00e9an Indien, principalement.<\/p>\n\n\n\n<p><strong>Les valeurs&nbsp;:<\/strong><\/p>\n\n\n\n<p>L\u2019Association <strong>PROJETS ET ETUDES \u00e0 IMPACT <\/strong>souhaite promouvoir&nbsp;des valeurs li\u00e9es&nbsp;:&nbsp;<\/p>\n\n\n\n<ul class=\"wp-block-list\">\n<li>Au respect du vivant,<\/li>\n\n\n\n<li>Aux solidarit\u00e9s, \u00e0 la libert\u00e9 et \u00e0 l\u2019\u00e9quit\u00e9,<\/li>\n\n\n\n<li>\u00c0 la promotion du d\u00e9veloppement local,\u00a0<\/li>\n\n\n\n<li>\u00c0 la d\u00e9mocratie, notamment implicative et coop\u00e9rative,\u00a0<\/li>\n\n\n\n<li>\u00c0 la loyaut\u00e9, la responsabilit\u00e9 et la conscience.<\/li>\n<\/ul>\n\n\n\n<p><strong>Les Objectifs&nbsp;:<\/strong><\/p>\n\n\n\n<ul class=\"wp-block-list\">\n<li>Accompagner des collectifs vers un d\u00e9ploiement durable qui soit b\u00e9n\u00e9fique pour la soci\u00e9t\u00e9,\u00a0<\/li>\n\n\n\n<li>Participer au d\u00e9veloppement local,\u00a0<\/li>\n\n\n\n<li>Faciliter la mise en \u0153uvre de projets \u00e0 impacts,\u00a0<\/li>\n\n\n\n<li>Porter des \u00e9tudes pour des projets engag\u00e9s et structurants pour le territoire.<\/li>\n<\/ul>\n\n\n\n<p><strong>Les domaines d\u2019activit\u00e9s&nbsp;:<\/strong><\/p>\n\n\n\n<p>Tous les domaines en lien avec l\u2019<strong>environnement, l\u2019\u00e9cologie, le d\u00e9veloppement local, l\u2019\u00e9ducation, la jeunesse, la petite enfance, la culture, le vivre ensemble, le lien social<\/strong>, <strong>les tiers-lieux, l\u2019alimentation<\/strong> et plus g\u00e9n\u00e9ralement tous les domaines permettant aux projets d\u2019avoir un <strong>impact environnemental, social ou soci\u00e9tal sur le territoire<\/strong>.<\/p>\n\n\n\n<p><strong>Les moyens d\u2019actions&nbsp;:<\/strong><\/p>\n\n\n\n<ul class=\"wp-block-list\">\n<li>Porter, accompagner et mener des \u00e9tudes de faisabilit\u00e9 pour des projets recherchant un impact sur le territoire,<\/li>\n\n\n\n<li>Porter, accompagner et mener des projets impactant pour le territoire,\u00a0<\/li>\n\n\n\n<li>Prestations diverses en communication, administration, conseils, gestion\u2026<\/li>\n<\/ul>\n","protected":false},"excerpt":{"rendered":"<p>L\u2019association a pour objet de mener des \u00e9tudes, porter, d\u00e9velopper et mettre en \u0153uvre des projets \u00e0 impact social, soci\u00e9tal [&hellip;]<\/p>\n","protected":false},"author":1,"featured_media":0,"parent":0,"menu_order":0,"comment_status":"closed","ping_status":"closed","template":"","meta":{"site-sidebar-layout":"default","site-content-layout":"","ast-site-content-layout":"default","site-content-style":"default","site-sidebar-style":"default","ast-global-header-display":"","ast-banner-title-visibility":"","ast-main-header-display":"","ast-hfb-above-header-display":"","ast-hfb-below-header-display":"","ast-hfb-mobile-header-display":"","site-post-title":"","ast-breadcrumbs-content":"","ast-featured-img":"","footer-sml-layout":"","ast-disable-related-posts":"","theme-transparent-header-meta":"","adv-header-id-meta":"","stick-header-meta":"","header-above-stick-meta":"","header-main-stick-meta":"","header-below-stick-meta":"","astra-migrate-meta-layouts":"default","ast-page-background-enabled":"default","ast-page-background-meta":{"desktop":{"background-color":"var(--ast-global-color-5)","background-image":"","background-repeat":"repeat","background-position":"center center","background-size":"auto","background-attachment":"scroll","background-type":"","background-media":"","overlay-type":"","overlay-color":"","overlay-opacity":"","overlay-gradient":""},"tablet":{"background-color":"","background-image":"","background-repeat":"repeat","background-position":"center center","background-size":"auto","background-attachment":"scroll","background-type":"","background-media":"","overlay-type":"","overlay-color":"","overlay-opacity":"","overlay-gradient":""},"mobile":{"background-color":"","background-image":"","background-repeat":"repeat","background-position":"center center","background-size":"auto","background-attachment":"scroll","background-type":"","background-media":"","overlay-type":"","overlay-color":"","overlay-opacity":"","overlay-gradient":""}},"ast-content-background-meta":{"desktop":{"background-color":"var(--ast-global-color-4)","background-image":"","background-repeat":"repeat","background-position":"center center","background-size":"auto","background-attachment":"scroll","background-type":"","background-media":"","overlay-type":"","overlay-color":"","overlay-opacity":"","overlay-gradient":""},"tablet":{"background-color":"var(--ast-global-color-4)","background-image":"","background-repeat":"repeat","background-position":"center center","background-size":"auto","background-attachment":"scroll","background-type":"","background-media":"","overlay-type":"","overlay-color":"","overlay-opacity":"","overlay-gradient":""},"mobile":{"background-color":"var(--ast-global-color-4)","background-image":"","background-repeat":"repeat","background-position":"center center","background-size":"auto","background-attachment":"scroll","background-type":"","background-media":"","overlay-type":"","overlay-color":"","overlay-opacity":"","overlay-gradient":""}},"footnotes":""},"class_list":["post-17","page","type-page","status-publish","hentry"],"_links":{"self":[{"href":"https:\/\/associationpei.re\/index.php\/wp-json\/wp\/v2\/pages\/17","targetHints":{"allow":["GET"]}}],"collection":[{"href":"https:\/\/associationpei.re\/index.php\/wp-json\/wp\/v2\/pages"}],"about":[{"href":"https:\/\/associationpei.re\/index.php\/wp-json\/wp\/v2\/types\/page"}],"author":[{"embeddable":true,"href":"https:\/\/associationpei.re\/index.php\/wp-json\/wp\/v2\/users\/1"}],"replies":[{"embeddable":true,"href":"https:\/\/associationpei.re\/index.php\/wp-json\/wp\/v2\/comments?post=17"}],"version-history":[{"count":2,"href":"https:\/\/associationpei.re\/index.php\/wp-json\/wp\/v2\/pages\/17\/revisions"}],"predecessor-version":[{"id":44,"href":"https:\/\/associationpei.re\/index.php\/wp-json\/wp\/v2\/pages\/17\/revisions\/44"}],"wp:attachment":[{"href":"https:\/\/associationpei.re\/index.php\/wp-json\/wp\/v2\/media?parent=17"}],"curies":[{"name":"wp","href":"https:\/\/api.w.org\/{rel}","templated":true}]}}